{"id":3925,"date":"2022-08-26T03:50:26","date_gmt":"2022-08-26T03:50:26","guid":{"rendered":"https:\/\/demosites.io\/real-estate-agency\/?page_id=3925"},"modified":"2025-05-02T10:03:30","modified_gmt":"2025-05-02T10:03:30","slug":"contacto","status":"publish","type":"page","link":"https:\/\/galiforniarent.es\/en\/contacto\/","title":{"rendered":"Contact"},"content":{"rendered":"<div data-elementor-type=\"wp-page\" data-elementor-id=\"3925\" class=\"elementor elementor-3925\">\n\t\t\t\t\t\t<section class=\"elementor-section elementor-top-section elementor-element elementor-element-1c579bd elementor-section-full_width elementor-section-height-min-height elementor-section-height-default elementor-section-items-middle\" data-id=\"1c579bd\" data-element_type=\"section\" data-settings=\"{&quot;background_background&quot;:&quot;classic&quot;}\">\n\t\t\t\t\t\t\t<div class=\"elementor-background-overlay\"><\/div>\n\t\t\t\t\t\t\t<div class=\"elementor-container elementor-column-gap-default\">\n\t\t\t\t\t<div class=\"elementor-column elementor-col-100 elementor-top-column elementor-element elementor-element-e06c1a0\" data-id=\"e06c1a0\" data-element_type=\"column\">\n\t\t\t<div class=\"elementor-widget-wrap elementor-element-populated\">\n\t\t\t\t\t\t<section class=\"elementor-section elementor-inner-section elementor-element elementor-element-393f418 elementor-section-boxed elementor-section-height-default elementor-section-height-default\" data-id=\"393f418\" data-element_type=\"section\">\n\t\t\t\t\t\t<div class=\"elementor-container elementor-column-gap-default\">\n\t\t\t\t\t<div class=\"elementor-column elementor-col-100 elementor-inner-column elementor-element elementor-element-31049dd\" data-id=\"31049dd\" data-element_type=\"column\">\n\t\t\t<div class=\"elementor-widget-wrap elementor-element-populated\">\n\t\t\t\t\t\t<div class=\"elementor-element elementor-element-24e63ab elementor-widget__width-initial elementor-widget elementor-widget-heading\" data-id=\"24e63ab\" data-element_type=\"widget\" data-widget_type=\"heading.default\">\n\t\t\t\t<div class=\"elementor-widget-container\">\n\t\t\t\t\t<h1 class=\"elementor-heading-title elementor-size-default\">Contact us<\/h1>\t\t\t\t<\/div>\n\t\t\t\t<\/div>\n\t\t\t\t\t<\/div>\n\t\t<\/div>\n\t\t\t\t\t<\/div>\n\t\t<\/section>\n\t\t\t\t\t<\/div>\n\t\t<\/div>\n\t\t\t\t\t<\/div>\n\t\t<\/section>\n\t\t\t\t<section class=\"elementor-section elementor-top-section elementor-element elementor-element-db9fc38 elementor-section-boxed elementor-section-height-default elementor-section-height-default\" data-id=\"db9fc38\" data-element_type=\"section\">\n\t\t\t\t\t\t<div class=\"elementor-container elementor-column-gap-default\">\n\t\t\t\t\t<div class=\"elementor-column elementor-col-33 elementor-top-column elementor-element elementor-element-f346f11\" data-id=\"f346f11\" data-element_type=\"column\">\n\t\t\t<div class=\"elementor-widget-wrap elementor-element-populated\">\n\t\t\t\t\t\t<div class=\"elementor-element elementor-element-514f54c elementor-view-default elementor-position-top elementor-mobile-position-top elementor-widget elementor-widget-icon-box\" data-id=\"514f54c\" data-element_type=\"widget\" data-widget_type=\"icon-box.default\">\n\t\t\t\t<div class=\"elementor-widget-container\">\n\t\t\t\t\t\t\t<div class=\"elementor-icon-box-wrapper\">\n\n\t\t\t\t\t\t<div class=\"elementor-icon-box-icon\">\n\t\t\t\t<span  class=\"elementor-icon\">\n\t\t\t\t<i aria-hidden=\"true\" class=\"fas fa-map-marker-alt\"><\/i>\t\t\t\t<\/span>\n\t\t\t<\/div>\n\t\t\t\n\t\t\t\t\t\t<div class=\"elementor-icon-box-content\">\n\n\t\t\t\t\t\t\t\t\t<h3 class=\"elementor-icon-box-title\">\n\t\t\t\t\t\t<span  >\n\t\t\t\t\t\t\tVisit us\t\t\t\t\t\t<\/span>\n\t\t\t\t\t<\/h3>\n\t\t\t\t\n\t\t\t\t\t\t\t\t\t<p class=\"elementor-icon-box-description\">\n\t\t\t\t\t\tCalle R\u00edo Dubra (Bembibre), 30 <br>\nVal do Dubra 15873, A Coru\u00f1a\t\t\t\t\t<\/p>\n\t\t\t\t\n\t\t\t<\/div>\n\t\t\t\n\t\t<\/div>\n\t\t\t\t\t\t<\/div>\n\t\t\t\t<\/div>\n\t\t\t\t\t<\/div>\n\t\t<\/div>\n\t\t\t\t<div class=\"elementor-column elementor-col-33 elementor-top-column elementor-element elementor-element-5b53c8c\" data-id=\"5b53c8c\" data-element_type=\"column\">\n\t\t\t<div class=\"elementor-widget-wrap elementor-element-populated\">\n\t\t\t\t\t\t<div class=\"elementor-element elementor-element-4683173 elementor-view-default elementor-position-top elementor-mobile-position-top elementor-widget elementor-widget-icon-box\" data-id=\"4683173\" data-element_type=\"widget\" data-widget_type=\"icon-box.default\">\n\t\t\t\t<div class=\"elementor-widget-container\">\n\t\t\t\t\t\t\t<div class=\"elementor-icon-box-wrapper\">\n\n\t\t\t\t\t\t<div class=\"elementor-icon-box-icon\">\n\t\t\t\t<a href=\"tel:+34629058671\" class=\"elementor-icon\" tabindex=\"-1\" aria-label=\"Call us\">\n\t\t\t\t<i aria-hidden=\"true\" class=\"fas fa-phone-alt\"><\/i>\t\t\t\t<\/a>\n\t\t\t<\/div>\n\t\t\t\n\t\t\t\t\t\t<div class=\"elementor-icon-box-content\">\n\n\t\t\t\t\t\t\t\t\t<h3 class=\"elementor-icon-box-title\">\n\t\t\t\t\t\t<a href=\"tel:+34629058671\" >\n\t\t\t\t\t\t\tCall us\t\t\t\t\t\t<\/a>\n\t\t\t\t\t<\/h3>\n\t\t\t\t\n\t\t\t\t\t\t\t\t\t<p class=\"elementor-icon-box-description\">\n\t\t\t\t\t\t629 058 671\t\t\t\t\t<\/p>\n\t\t\t\t\n\t\t\t<\/div>\n\t\t\t\n\t\t<\/div>\n\t\t\t\t\t\t<\/div>\n\t\t\t\t<\/div>\n\t\t\t\t\t<\/div>\n\t\t<\/div>\n\t\t\t\t<div class=\"elementor-column elementor-col-33 elementor-top-column elementor-element elementor-element-39ea42e\" data-id=\"39ea42e\" data-element_type=\"column\">\n\t\t\t<div class=\"elementor-widget-wrap elementor-element-populated\">\n\t\t\t\t\t\t<div class=\"elementor-element elementor-element-f98e175 elementor-view-default elementor-position-top elementor-mobile-position-top elementor-widget elementor-widget-icon-box\" data-id=\"f98e175\" data-element_type=\"widget\" data-widget_type=\"icon-box.default\">\n\t\t\t\t<div class=\"elementor-widget-container\">\n\t\t\t\t\t\t\t<div class=\"elementor-icon-box-wrapper\">\n\n\t\t\t\t\t\t<div class=\"elementor-icon-box-icon\">\n\t\t\t\t<a href=\"mailto:info@galiforniarent.es?subject=Consulta\" class=\"elementor-icon\" tabindex=\"-1\" aria-label=\"Sent us an email\">\n\t\t\t\t<i aria-hidden=\"true\" class=\"far fa-envelope\"><\/i>\t\t\t\t<\/a>\n\t\t\t<\/div>\n\t\t\t\n\t\t\t\t\t\t<div class=\"elementor-icon-box-content\">\n\n\t\t\t\t\t\t\t\t\t<h3 class=\"elementor-icon-box-title\">\n\t\t\t\t\t\t<a href=\"mailto:info@galiforniarent.es?subject=Consulta\" >\n\t\t\t\t\t\t\tSent us an email\t\t\t\t\t\t<\/a>\n\t\t\t\t\t<\/h3>\n\t\t\t\t\n\t\t\t\t\t\t\t\t\t<p class=\"elementor-icon-box-description\">\n\t\t\t\t\t\tgaliforniarent@gmail.com\t\t\t\t\t<\/p>\n\t\t\t\t\n\t\t\t<\/div>\n\t\t\t\n\t\t<\/div>\n\t\t\t\t\t\t<\/div>\n\t\t\t\t<\/div>\n\t\t\t\t\t<\/div>\n\t\t<\/div>\n\t\t\t\t\t<\/div>\n\t\t<\/section>\n\t\t\t\t<section class=\"elementor-section elementor-top-section elementor-element elementor-element-38daf87 elementor-section-boxed elementor-section-height-default elementor-section-height-default\" data-id=\"38daf87\" data-element_type=\"section\">\n\t\t\t\t\t\t<div class=\"elementor-container elementor-column-gap-default\">\n\t\t\t\t\t<div class=\"elementor-column elementor-col-100 elementor-top-column elementor-element elementor-element-d20f3b9\" data-id=\"d20f3b9\" data-element_type=\"column\">\n\t\t\t<div class=\"elementor-widget-wrap elementor-element-populated\">\n\t\t\t\t\t\t<div class=\"elementor-element elementor-element-0aac07b elementor-widget elementor-widget-heading\" data-id=\"0aac07b\" data-element_type=\"widget\" data-widget_type=\"heading.default\">\n\t\t\t\t<div class=\"elementor-widget-container\">\n\t\t\t\t\t<h2 class=\"elementor-heading-title elementor-size-default\">Send us your query<\/h2>\t\t\t\t<\/div>\n\t\t\t\t<\/div>\n\t\t\t\t<div class=\"elementor-element elementor-element-e2daff9 elementor-widget elementor-widget-wpforms\" data-id=\"e2daff9\" data-element_type=\"widget\" data-widget_type=\"wpforms.default\">\n\t\t\t\t<div class=\"elementor-widget-container\">\n\t\t\t\t\t<style id=\"wpforms-css-vars-elementor-widget-e2daff9\">\n\t\t\t\t.elementor-widget-wpforms.elementor-element-e2daff9 {\n\t\t\t\t--wpforms-field-size-input-height: 43px;\n--wpforms-field-size-input-spacing: 15px;\n--wpforms-field-size-font-size: 16px;\n--wpforms-field-size-line-height: 19px;\n--wpforms-field-size-padding-h: 14px;\n--wpforms-field-size-checkbox-size: 16px;\n--wpforms-field-size-sublabel-spacing: 5px;\n--wpforms-field-size-icon-size: 1;\n--wpforms-label-size-font-size: 16px;\n--wpforms-label-size-line-height: 19px;\n--wpforms-label-size-sublabel-font-size: 14px;\n--wpforms-label-size-sublabel-line-height: 17px;\n--wpforms-button-size-font-size: 17px;\n--wpforms-button-size-height: 41px;\n--wpforms-button-size-padding-h: 15px;\n--wpforms-button-size-margin-top: 10px;\n\n\t\t\t}\n\t\t\t<\/style><div class=\"wpforms-container wpforms-container-full wpforms-render-modern\" id=\"wpforms-4524\"><form id=\"wpforms-form-4524\" class=\"wpforms-validate wpforms-form wpforms-ajax-form\" data-formid=\"4524\" method=\"post\" enctype=\"multipart\/form-data\" action=\"\/en\/wp-json\/wp\/v2\/pages\/3925\" data-token=\"13e4cd207a4a807f21edabb179eba4a8\" data-token-time=\"1775452926\" data-trp-original-action=\"\/en\/wp-json\/wp\/v2\/pages\/3925\"><noscript class=\"wpforms-error-noscript\">Please enable JavaScript in your browser to complete this form.<\/noscript><div class=\"wpforms-hidden\" id=\"wpforms-error-noscript\">Please enable JavaScript in your browser to complete this form.<\/div><div class=\"wpforms-field-container\"><div id=\"wpforms-4524-field_1-container\" class=\"wpforms-field wpforms-field-name\" data-field-id=\"1\"><label class=\"wpforms-field-label\" for=\"wpforms-4524-field_1\">Name <span class=\"wpforms-required-label\" aria-hidden=\"true\">*<\/span><\/label><input type=\"text\" id=\"wpforms-4524-field_1\" class=\"wpforms-field-medium wpforms-field-required\" name=\"wpforms[fields][1]\" aria-errormessage=\"wpforms-4524-field_1-error\" required><\/div><div id=\"wpforms-4524-field_2-container\" class=\"wpforms-field wpforms-field-email\" data-field-id=\"2\"><label class=\"wpforms-field-label\" for=\"wpforms-4524-field_2\">Email <span class=\"wpforms-required-label\" aria-hidden=\"true\">*<\/span><\/label><input type=\"email\" id=\"wpforms-4524-field_2\" class=\"wpforms-field-medium wpforms-field-required\" name=\"wpforms[fields][2]\" spellcheck=\"false\" aria-errormessage=\"wpforms-4524-field_2-error\" required><\/div><div id=\"wpforms-4524-field_4-container\" class=\"wpforms-field wpforms-field-text\" data-field-id=\"4\"><label class=\"wpforms-field-label\" for=\"wpforms-4524-field_4\">Phone <span class=\"wpforms-required-label\" aria-hidden=\"true\">*<\/span><\/label><input type=\"text\" id=\"wpforms-4524-field_4\" class=\"wpforms-field-medium wpforms-field-required\" name=\"wpforms[fields][4]\" aria-errormessage=\"wpforms-4524-field_4-error\" required><\/div><div id=\"wpforms-4524-field_3-container\" class=\"wpforms-field wpforms-field-textarea\" data-field-id=\"3\"><label class=\"wpforms-field-label\" for=\"wpforms-4524-field_3\">Query <span class=\"wpforms-required-label\" aria-hidden=\"true\">*<\/span><\/label><textarea id=\"wpforms-4524-field_3\" class=\"wpforms-field-medium wpforms-field-required\" name=\"wpforms[fields][3]\" aria-errormessage=\"wpforms-4524-field_3-error\" required><\/textarea><\/div><\/div><!-- .wpforms-field-container --><div class=\"wpforms-submit-container\" ><input type=\"hidden\" name=\"wpforms[id]\" value=\"4524\"><input type=\"hidden\" name=\"page_title\" value=\"\"><input type=\"hidden\" name=\"page_url\" value=\"https:\/\/galiforniarent.es\/en\/wp-json\/wp\/v2\/pages\/3925\"><input type=\"hidden\" name=\"url_referer\" value=\"\"><button type=\"submit\" name=\"wpforms[submit]\" id=\"wpforms-submit-4524\" class=\"wpforms-submit\" data-alt-text=\"Enviando...\" data-submit-text=\"Enviar\" aria-live=\"assertive\" value=\"wpforms-submit\">Send<\/button><img decoding=\"async\" src=\"https:\/\/galiforniarent.es\/wp-content\/plugins\/wpforms-lite\/assets\/images\/submit-spin.svg\" class=\"wpforms-submit-spinner\" style=\"display: none;\" width=\"26\" height=\"26\" alt=\"Loading\"><\/div><input type=\"hidden\" name=\"trp-form-language\" value=\"en\"\/><\/form><\/div>  <!-- .wpforms-container -->\t\t\t\t<\/div>\n\t\t\t\t<\/div>\n\t\t\t\t\t<\/div>\n\t\t<\/div>\n\t\t\t\t\t<\/div>\n\t\t<\/section>\n\t\t\t\t<section class=\"elementor-section elementor-top-section elementor-element elementor-element-40e4af5 elementor-section-full_width elementor-section-height-default elementor-section-height-default\" data-id=\"40e4af5\" data-element_type=\"section\" data-settings=\"{&quot;background_background&quot;:&quot;classic&quot;}\">\n\t\t\t\t\t\t<div class=\"elementor-container elementor-column-gap-default\">\n\t\t\t\t\t<div class=\"elementor-column elementor-col-100 elementor-top-column elementor-element elementor-element-ceb3e8d\" data-id=\"ceb3e8d\" data-element_type=\"column\">\n\t\t\t<div class=\"elementor-widget-wrap elementor-element-populated\">\n\t\t\t\t\t\t<div class=\"elementor-element elementor-element-f761554 elementor-widget elementor-widget-google_maps\" data-id=\"f761554\" data-element_type=\"widget\" data-widget_type=\"google_maps.default\">\n\t\t\t\t<div class=\"elementor-widget-container\">\n\t\t\t\t\t\t\t<div class=\"elementor-custom-embed\">\n\t\t\t<iframe loading=\"lazy\"\n\t\t\t\t\tsrc=\"https:\/\/maps.google.com\/maps?q=Galifornia%20Rent%20Car&#038;t=m&#038;z=15&#038;output=embed&#038;iwloc=near\"\n\t\t\t\t\ttitle=\"Galifornia Rent Car\"\n\t\t\t\t\taria-label=\"Galifornia Rent Car\"\n\t\t\t><\/iframe>\n\t\t<\/div>\n\t\t\t\t\t\t<\/div>\n\t\t\t\t<\/div>\n\t\t\t\t\t<\/div>\n\t\t<\/div>\n\t\t\t\t\t<\/div>\n\t\t<\/section>\n\t\t\t\t<\/div>","protected":false},"excerpt":{"rendered":"<p>Contacta con nosotros Vis\u00edtanos Calle R\u00edo Dubra (Bembibre), 30 Val do Dubra 15873, A Coru\u00f1a Ll\u00e1manos 629 058 671 Env\u00edanos un email galiforniarent@gmail.com Env\u00edanos tu consulta Por favor, activa JavaScript en tu navegador para completar este formulario.Por favor, activa JavaScript en tu navegador para completar este formulario.Nombre *Correo electr\u00f3nico *Tel\u00e9fono *Consulta * Enviar<\/p>","protected":false},"author":1,"featured_media":4512,"parent":0,"menu_order":0,"comment_status":"closed","ping_status":"closed","template":"page-templates\/template-pagebuilder-full-width.php","meta":{"neve_meta_sidebar":"","neve_meta_container":"","neve_meta_enable_content_width":"","neve_meta_content_width":0,"neve_meta_title_alignment":"","neve_meta_author_avatar":"","neve_post_elements_order":"","neve_meta_disable_header":"","neve_meta_disable_footer":"","neve_meta_disable_title":"","neve_meta_reading_time":"","_ti_tpc_template_sync":false,"_ti_tpc_template_id":"torrn5gwdppdmy94r8om","footnotes":""},"class_list":["post-3925","page","type-page","status-publish","has-post-thumbnail","hentry"],"yoast_head":"<!-- This site is optimized with the Yoast SEO plugin v23.2 - https:\/\/yoast.com\/wordpress\/plugins\/seo\/ -->\n<title>Contacto - Galifornia Rent Car<\/title>\n<meta name=\"description\" content=\"Si necesitar un renting c\u00f3modo y cerca de ti, somos tu mejor opci\u00f3n, no lo dudes cont\u00e1ctanos. En Galifornia Rent Car tenemos la soluci\u00f3n.\" \/>\n<meta name=\"robots\" content=\"index, follow, max-snippet:-1, max-image-preview:large, max-video-preview:-1\" \/>\n<link rel=\"canonical\" href=\"https:\/\/galiforniarent.es\/en\/contacto\/\" \/>\n<meta property=\"og:locale\" content=\"en_GB\" \/>\n<meta property=\"og:type\" content=\"article\" \/>\n<meta property=\"og:title\" content=\"Contacto - Galifornia Rent Car\" \/>\n<meta property=\"og:description\" content=\"Si necesitar un renting c\u00f3modo y cerca de ti, somos tu mejor opci\u00f3n, no lo dudes cont\u00e1ctanos. En Galifornia Rent Car tenemos la soluci\u00f3n.\" \/>\n<meta property=\"og:url\" content=\"https:\/\/galiforniarent.es\/en\/contacto\/\" \/>\n<meta property=\"og:site_name\" content=\"Galifornia Rent Car\" \/>\n<meta property=\"article:publisher\" content=\"https:\/\/www.facebook.com\/TalleresChancela\/\" \/>\n<meta property=\"article:modified_time\" content=\"2025-05-02T10:03:30+00:00\" \/>\n<meta property=\"og:image\" content=\"https:\/\/galiforniarent.es\/wp-content\/uploads\/2024\/08\/contacto.jpg\" \/>\n\t<meta property=\"og:image:width\" content=\"612\" \/>\n\t<meta property=\"og:image:height\" content=\"408\" \/>\n\t<meta property=\"og:image:type\" content=\"image\/jpeg\" \/>\n<meta name=\"twitter:card\" content=\"summary_large_image\" \/>\n<meta name=\"twitter:label1\" content=\"Estimated reading time\" \/>\n\t<meta name=\"twitter:data1\" content=\"1 minute\" \/>\n<script type=\"application\/ld+json\" class=\"yoast-schema-graph\">{\"@context\":\"https:\/\/schema.org\",\"@graph\":[{\"@type\":\"WebPage\",\"@id\":\"https:\/\/galiforniarent.es\/contacto\/\",\"url\":\"https:\/\/galiforniarent.es\/contacto\/\",\"name\":\"Contacto - Galifornia Rent Car\",\"isPartOf\":{\"@id\":\"https:\/\/galiforniarent.es\/#website\"},\"primaryImageOfPage\":{\"@id\":\"https:\/\/galiforniarent.es\/contacto\/#primaryimage\"},\"image\":{\"@id\":\"https:\/\/galiforniarent.es\/contacto\/#primaryimage\"},\"thumbnailUrl\":\"https:\/\/galiforniarent.es\/wp-content\/uploads\/2024\/08\/contacto.jpg\",\"datePublished\":\"2022-08-26T03:50:26+00:00\",\"dateModified\":\"2025-05-02T10:03:30+00:00\",\"description\":\"Si necesitar un renting c\u00f3modo y cerca de ti, somos tu mejor opci\u00f3n, no lo dudes cont\u00e1ctanos. En Galifornia Rent Car tenemos la soluci\u00f3n.\",\"breadcrumb\":{\"@id\":\"https:\/\/galiforniarent.es\/contacto\/#breadcrumb\"},\"inLanguage\":\"en-GB\",\"potentialAction\":[{\"@type\":\"ReadAction\",\"target\":[\"https:\/\/galiforniarent.es\/contacto\/\"]}]},{\"@type\":\"ImageObject\",\"inLanguage\":\"en-GB\",\"@id\":\"https:\/\/galiforniarent.es\/contacto\/#primaryimage\",\"url\":\"https:\/\/galiforniarent.es\/wp-content\/uploads\/2024\/08\/contacto.jpg\",\"contentUrl\":\"https:\/\/galiforniarent.es\/wp-content\/uploads\/2024\/08\/contacto.jpg\",\"width\":612,\"height\":408,\"caption\":\"Close-up image of male hands using smartphone with icon telephone email mobile phone and address. Contact us connection and e-mail marketing concept\"},{\"@type\":\"BreadcrumbList\",\"@id\":\"https:\/\/galiforniarent.es\/contacto\/#breadcrumb\",\"itemListElement\":[{\"@type\":\"ListItem\",\"position\":1,\"name\":\"Portada\",\"item\":\"https:\/\/galiforniarent.es\/\"},{\"@type\":\"ListItem\",\"position\":2,\"name\":\"Contacto\"}]},{\"@type\":\"WebSite\",\"@id\":\"https:\/\/galiforniarent.es\/#website\",\"url\":\"https:\/\/galiforniarent.es\/\",\"name\":\"Galifornia Rent Car\",\"description\":\"Galifornia Rent Car\",\"publisher\":{\"@id\":\"https:\/\/galiforniarent.es\/#organization\"},\"potentialAction\":[{\"@type\":\"SearchAction\",\"target\":{\"@type\":\"EntryPoint\",\"urlTemplate\":\"https:\/\/galiforniarent.es\/?s={search_term_string}\"},\"query-input\":\"required name=search_term_string\"}],\"inLanguage\":\"en-GB\"},{\"@type\":\"Organization\",\"@id\":\"https:\/\/galiforniarent.es\/#organization\",\"name\":\"Galifornia Rent Car\",\"url\":\"https:\/\/galiforniarent.es\/\",\"logo\":{\"@type\":\"ImageObject\",\"inLanguage\":\"en-GB\",\"@id\":\"https:\/\/galiforniarent.es\/#\/schema\/logo\/image\/\",\"url\":\"https:\/\/galiforniarent.es\/wp-content\/uploads\/2023\/07\/cropped-cropped-grupo-chancela-logo-vertical-fondo-negro-1.png\",\"contentUrl\":\"https:\/\/galiforniarent.es\/wp-content\/uploads\/2023\/07\/cropped-cropped-grupo-chancela-logo-vertical-fondo-negro-1.png\",\"width\":200,\"height\":175,\"caption\":\"Galifornia Rent Car\"},\"image\":{\"@id\":\"https:\/\/galiforniarent.es\/#\/schema\/logo\/image\/\"},\"sameAs\":[\"https:\/\/www.facebook.com\/TalleresChancela\/\",\"https:\/\/www.instagram.com\/grupochancela\/\"]}]}<\/script>\n<!-- \/ Yoast SEO plugin. -->","yoast_head_json":{"title":"Contacto - Galifornia Rent Car","description":"Si necesitar un renting c\u00f3modo y cerca de ti, somos tu mejor opci\u00f3n, no lo dudes cont\u00e1ctanos. En Galifornia Rent Car tenemos la soluci\u00f3n.","robots":{"index":"index","follow":"follow","max-snippet":"max-snippet:-1","max-image-preview":"max-image-preview:large","max-video-preview":"max-video-preview:-1"},"canonical":"https:\/\/galiforniarent.es\/en\/contacto\/","og_locale":"en_GB","og_type":"article","og_title":"Contacto - Galifornia Rent Car","og_description":"Si necesitar un renting c\u00f3modo y cerca de ti, somos tu mejor opci\u00f3n, no lo dudes cont\u00e1ctanos. En Galifornia Rent Car tenemos la soluci\u00f3n.","og_url":"https:\/\/galiforniarent.es\/en\/contacto\/","og_site_name":"Galifornia Rent Car","article_publisher":"https:\/\/www.facebook.com\/TalleresChancela\/","article_modified_time":"2025-05-02T10:03:30+00:00","og_image":[{"width":612,"height":408,"url":"https:\/\/galiforniarent.es\/wp-content\/uploads\/2024\/08\/contacto.jpg","type":"image\/jpeg"}],"twitter_card":"summary_large_image","twitter_misc":{"Estimated reading time":"1 minute"},"schema":{"@context":"https:\/\/schema.org","@graph":[{"@type":"WebPage","@id":"https:\/\/galiforniarent.es\/contacto\/","url":"https:\/\/galiforniarent.es\/contacto\/","name":"Contacto - Galifornia Rent Car","isPartOf":{"@id":"https:\/\/galiforniarent.es\/#website"},"primaryImageOfPage":{"@id":"https:\/\/galiforniarent.es\/contacto\/#primaryimage"},"image":{"@id":"https:\/\/galiforniarent.es\/contacto\/#primaryimage"},"thumbnailUrl":"https:\/\/galiforniarent.es\/wp-content\/uploads\/2024\/08\/contacto.jpg","datePublished":"2022-08-26T03:50:26+00:00","dateModified":"2025-05-02T10:03:30+00:00","description":"Si necesitar un renting c\u00f3modo y cerca de ti, somos tu mejor opci\u00f3n, no lo dudes cont\u00e1ctanos. En Galifornia Rent Car tenemos la soluci\u00f3n.","breadcrumb":{"@id":"https:\/\/galiforniarent.es\/contacto\/#breadcrumb"},"inLanguage":"en-GB","potentialAction":[{"@type":"ReadAction","target":["https:\/\/galiforniarent.es\/contacto\/"]}]},{"@type":"ImageObject","inLanguage":"en-GB","@id":"https:\/\/galiforniarent.es\/contacto\/#primaryimage","url":"https:\/\/galiforniarent.es\/wp-content\/uploads\/2024\/08\/contacto.jpg","contentUrl":"https:\/\/galiforniarent.es\/wp-content\/uploads\/2024\/08\/contacto.jpg","width":612,"height":408,"caption":"Close-up image of male hands using smartphone with icon telephone email mobile phone and address. Contact us connection and e-mail marketing concept"},{"@type":"BreadcrumbList","@id":"https:\/\/galiforniarent.es\/contacto\/#breadcrumb","itemListElement":[{"@type":"ListItem","position":1,"name":"Portada","item":"https:\/\/galiforniarent.es\/"},{"@type":"ListItem","position":2,"name":"Contacto"}]},{"@type":"WebSite","@id":"https:\/\/galiforniarent.es\/#website","url":"https:\/\/galiforniarent.es\/","name":"Galifornia Rent Car","description":"Galifornia Rent Car","publisher":{"@id":"https:\/\/galiforniarent.es\/#organization"},"potentialAction":[{"@type":"SearchAction","target":{"@type":"EntryPoint","urlTemplate":"https:\/\/galiforniarent.es\/?s={search_term_string}"},"query-input":"required name=search_term_string"}],"inLanguage":"en-GB"},{"@type":"Organization","@id":"https:\/\/galiforniarent.es\/#organization","name":"Galifornia Rent Car","url":"https:\/\/galiforniarent.es\/","logo":{"@type":"ImageObject","inLanguage":"en-GB","@id":"https:\/\/galiforniarent.es\/#\/schema\/logo\/image\/","url":"https:\/\/galiforniarent.es\/wp-content\/uploads\/2023\/07\/cropped-cropped-grupo-chancela-logo-vertical-fondo-negro-1.png","contentUrl":"https:\/\/galiforniarent.es\/wp-content\/uploads\/2023\/07\/cropped-cropped-grupo-chancela-logo-vertical-fondo-negro-1.png","width":200,"height":175,"caption":"Galifornia Rent Car"},"image":{"@id":"https:\/\/galiforniarent.es\/#\/schema\/logo\/image\/"},"sameAs":["https:\/\/www.facebook.com\/TalleresChancela\/","https:\/\/www.instagram.com\/grupochancela\/"]}]}},"_links":{"self":[{"href":"https:\/\/galiforniarent.es\/en\/wp-json\/wp\/v2\/pages\/3925"}],"collection":[{"href":"https:\/\/galiforniarent.es\/en\/wp-json\/wp\/v2\/pages"}],"about":[{"href":"https:\/\/galiforniarent.es\/en\/wp-json\/wp\/v2\/types\/page"}],"author":[{"embeddable":true,"href":"https:\/\/galiforniarent.es\/en\/wp-json\/wp\/v2\/users\/1"}],"replies":[{"embeddable":true,"href":"https:\/\/galiforniarent.es\/en\/wp-json\/wp\/v2\/comments?post=3925"}],"version-history":[{"count":18,"href":"https:\/\/galiforniarent.es\/en\/wp-json\/wp\/v2\/pages\/3925\/revisions"}],"predecessor-version":[{"id":4590,"href":"https:\/\/galiforniarent.es\/en\/wp-json\/wp\/v2\/pages\/3925\/revisions\/4590"}],"wp:featuredmedia":[{"embeddable":true,"href":"https:\/\/galiforniarent.es\/en\/wp-json\/wp\/v2\/media\/4512"}],"wp:attachment":[{"href":"https:\/\/galiforniarent.es\/en\/wp-json\/wp\/v2\/media?parent=3925"}],"curies":[{"name":"wp","href":"https:\/\/api.w.org\/{rel}","templated":true}]}}